{"id":127,"date":"2014-11-30T01:16:39","date_gmt":"2014-11-30T01:16:39","guid":{"rendered":"http:\/\/www.triponto.pt\/web\/?page_id=127"},"modified":"2018-02-07T13:28:24","modified_gmt":"2018-02-07T13:28:24","slug":"sobre-nos","status":"publish","type":"page","link":"https:\/\/www.triponto.pt\/web\/en\/sobre-nos\/","title":{"rendered":"About Us"},"content":{"rendered":"<p><\/p>\n<div class=\"clearboth\"><\/div><\/div><\/div><\/div><div id=\"mk-page-section-6a0077b995be1\" data-intro-effect=\"false\" class=\"full-width-6a0077b995be1  full-height-false parallax-false mk-page-section mk-blur-parent mk-shortcode  \" data-speedFactor=\"0.3\"><div class=\"mk-video-color-mask\"><\/div><div class=\"mk-grid vc_row-fluid page-section-content\"><div class=\"mk-padding-wrapper\">\n\t<div style=\"\" class=\"vc_col-sm-12 wpb_column column_container \">\n\t\t\t<div class=\"clearboth\"><\/div><div class=\"mk-shortcode mk-padding-shortcode\" style=\"height:60px\"><\/div><div class=\"clearboth\"><\/div>\t<div style=\" margin-bottom:0px;text-align: left;\" class=\"mk-text-block  \"><p><strong>TRIPONTO<\/strong> was founded in 1998 with a high skilled multidisciplinary team in the commercial and marketing fields both in logistics and industry.<\/p>\n<p>For over 15 years, <strong>TRIPONTO<\/strong> has consolidated its journey following the trends and meeting the needs of its customers and the markets where they are based, always responding with the best solutions for each project or business.<\/p>\n<p><strong>TRIPONTO<\/strong> is completed through 2 distinct business areas, but very intertwined by its values \u200b\u200band ethics &#8211; <a title=\"Tritrading\" href=\"http:\/\/www.triponto.pt\/web\/en\/tritrading\/\"><strong>tritrading<\/strong><\/a> and <a title=\"Triecologic\" href=\"http:\/\/www.triponto.pt\/web\/en\/triecologic\/\"><strong>triecologic<\/strong><\/a>.<\/p>\n<div class=\"clearboth\"><\/div><\/div> <div class=\"clearboth\"><\/div><div class=\"mk-shortcode mk-padding-shortcode\" style=\"height:30px\"><\/div><div class=\"clearboth\"><\/div><div class=\"mk-image-shortcode mk-shortcode   align-center simple-frame inside-image \" style=\"max-width: 864px; margin-bottom:0px\"><div class=\"mk-image-inner\"><img class=\"lightbox-false\" alt=\"\" title=\"\" src=\"http:\/\/www.triponto.pt\/web\/tripo-upload\/uploads\/bfi_thumb\/mapa-011-2ym4v1qt6nwbpfwlh9f474.jpg\" \/><\/div><div class=\"clearboth\"><\/div><\/div><div class=\"clearboth\"><\/div><div class=\"mk-shortcode mk-padding-shortcode\" style=\"height:50px\"><\/div><div class=\"clearboth\"><\/div>\t<div style=\" margin-bottom:0px;text-align: left;\" class=\"mk-text-block  \"><p>Acting directly or through its network of agents and partners, <a title=\"Tritrading\" href=\"http:\/\/www.triponto.pt\/web\/en\/tritrading\/\"><strong>tritrading<\/strong><\/a> operates in several international markets with special focus on European countries, Africans (Angola, Mozambique and Guinea Bissau) and Brazil. We work with national manufacturers of materials characteristic of our country: wood, cork, glass, ceramics, textiles, etc. We help in the development of new Designers projects, which today seek alternatives to the Asian offer, in order to find the raw materials that correspond to the quality required for their own design projects.<\/p>\n<p>With the objective of accelerating the transition from the Portuguese market to a more sustainable economy, through the distribution in Portugal of the best ecological products in the market, <a title=\"Triecologic\" href=\"http:\/\/www.triponto.pt\/web\/en\/triecologic\/\"><strong>triecologic<\/strong><\/a> emerges. This business area is dedicated to offer ecological packaging solutions to different market sectors, such as: catering, hotels, catering companies, events, festivals, schools, supermarkets, industry and agriculture.<\/p>\n<div class=\"clearboth\"><\/div><\/div> <div class=\"clearboth\"><\/div><div class=\"mk-shortcode mk-padding-shortcode\" style=\"height:40px\"><\/div><div class=\"clearboth\"><\/div>\n\t<\/div><\/div><div class=\"clearboth\"><\/div><\/div><div class=\"clearboth\"><\/div><\/div>\n<style type='text\/css'>\n.full-width-6a0077b995be1 {\n    min-height:100px;\n    padding:0px 0 0px;\n    \n    background-attachment:scroll;\n    \n    background-position:left top;\n    background-repeat:repeat;\n    margin-bottom:0px;\n    \n}\n     \n.mk-main-wrapper {\n    display: none;\n}\n#theme-page {\n     padding-top:0;\n}<\/style><div><div><div><div class=\"clearboth\"><\/div><\/div><\/div><\/div><div id=\"mk-page-section-6a0077b997544\" data-intro-effect=\"false\" class=\"full-width-6a0077b997544  full-height-false parallax-false mk-page-section mk-blur-parent mk-shortcode  \" data-speedFactor=\"0.3\"><div class=\"mk-video-color-mask\"><\/div><div class=\"mk-grid vc_row-fluid page-section-content\"><div class=\"mk-padding-wrapper\">\n\t<div style=\"\" class=\"vc_col-sm-12 wpb_column column_container \">\n\t\t\t<div class=\"mk-image-shortcode mk-shortcode   align-center simple-frame inside-image \" style=\"max-width: 1110px; margin-bottom:0px\"><div class=\"mk-image-inner\"><img class=\"lightbox-false\" alt=\"\" title=\"\" src=\"http:\/\/www.triponto.pt\/web\/tripo-upload\/uploads\/2016\/11\/Compost_1110.jpg\" \/><\/div><div class=\"clearboth\"><\/div><\/div><div class=\"clearboth\"><\/div><div class=\"mk-shortcode mk-padding-shortcode\" style=\"height:80px\"><\/div><div class=\"clearboth\"><\/div>\n\t<\/div><\/div><div class=\"clearboth\"><\/div><\/div><div class=\"clearboth\"><\/div><\/div>\n<style type='text\/css'>\n.full-width-6a0077b997544 {\n    min-height:100px;\n    padding:0px 0 0px;\n    \n    background-attachment:scroll;\n    \n    background-position:left top;\n    background-repeat:repeat;\n    margin-bottom:0px;\n    \n}\n     \n.mk-main-wrapper {\n    display: none;\n}\n#theme-page {\n     padding-top:0;\n}<\/style><div><div><div>\n<p><\/p>","protected":false},"excerpt":{"rendered":"A TRIPONTO foi fundada em 1998, tendo na sua origem uma equipa multidisciplinar com fortes compet\u00eancias tanto nas \u00e1reas comercial e marketing, assim como nas \u00e1reas da log\u00edstica e da ind\u00fastria. Ao longo de mais de 15 anos, a TRIPONTO tem consolidado o seu percurso acompanhando as tend\u00eancias e necessidades dos seus clientes nacionais e [...]","protected":false},"author":2,"featured_media":0,"parent":0,"menu_order":0,"comment_status":"open","ping_status":"open","template":"","meta":[],"yoast_head":"<!-- This site is optimized with the Yoast SEO plugin v14.2 - https:\/\/yoast.com\/wordpress\/plugins\/seo\/ -->\n<meta name=\"description\" content=\"A TRIPONTO \u00e9 uma empresa com experi\u00eancia desde a \u00e1rea de marketing \u00e0 log\u00edstica e que atua em duas \u00e1reas de neg\u00f3cios distintas: tritrading e triecologic.\" \/>\n<meta name=\"robots\" content=\"index, follow\" \/>\n<meta name=\"googlebot\" content=\"index, follow, max-snippet:-1, max-image-preview:large, max-video-preview:-1\" \/>\n<meta name=\"bingbot\" content=\"index, follow, max-snippet:-1, max-image-preview:large, max-video-preview:-1\" \/>\n<link rel=\"canonical\" href=\"https:\/\/www.triponto.pt\/web\/sobre-nos\/\" \/>\n<meta property=\"og:locale\" content=\"en_US\" \/>\n<meta property=\"og:type\" content=\"article\" \/>\n<meta property=\"og:title\" content=\"Quem Somos - TRIPONTO\" \/>\n<meta property=\"og:description\" content=\"A TRIPONTO \u00e9 uma empresa com experi\u00eancia desde a \u00e1rea de marketing \u00e0 log\u00edstica e que atua em duas \u00e1reas de neg\u00f3cios distintas: tritrading e triecologic.\" \/>\n<meta property=\"og:url\" content=\"https:\/\/www.triponto.pt\/web\/sobre-nos\/\" \/>\n<meta property=\"og:site_name\" content=\"Triponto\" \/>\n<meta property=\"article:modified_time\" content=\"2018-02-07T13:28:24+00:00\" \/>\n<script type=\"application\/ld+json\" class=\"yoast-schema-graph\">{\"@context\":\"https:\/\/schema.org\",\"@graph\":[{\"@type\":\"WebSite\",\"@id\":\"https:\/\/www.triponto.pt\/web\/en\/#website\",\"url\":\"https:\/\/www.triponto.pt\/web\/en\/\",\"name\":\"Triponto\",\"description\":\"Servi\\u00e7os comerciais, lda.\",\"potentialAction\":[{\"@type\":\"SearchAction\",\"target\":\"https:\/\/www.triponto.pt\/web\/en\/?s={search_term_string}\",\"query-input\":\"required name=search_term_string\"}],\"inLanguage\":\"en-US\"},{\"@type\":\"WebPage\",\"@id\":\"https:\/\/www.triponto.pt\/web\/sobre-nos\/#webpage\",\"url\":\"https:\/\/www.triponto.pt\/web\/sobre-nos\/\",\"name\":\"Quem Somos - TRIPONTO\",\"isPartOf\":{\"@id\":\"https:\/\/www.triponto.pt\/web\/en\/#website\"},\"datePublished\":\"2014-11-30T01:16:39+00:00\",\"dateModified\":\"2018-02-07T13:28:24+00:00\",\"description\":\"A TRIPONTO \\u00e9 uma empresa com experi\\u00eancia desde a \\u00e1rea de marketing \\u00e0 log\\u00edstica e que atua em duas \\u00e1reas de neg\\u00f3cios distintas: tritrading e triecologic.\",\"inLanguage\":\"en-US\",\"potentialAction\":[{\"@type\":\"ReadAction\",\"target\":[\"https:\/\/www.triponto.pt\/web\/sobre-nos\/\"]}]}]}<\/script>\n<!-- \/ Yoast SEO plugin. -->","_links":{"self":[{"href":"https:\/\/www.triponto.pt\/web\/en\/wp-json\/wp\/v2\/pages\/127"}],"collection":[{"href":"https:\/\/www.triponto.pt\/web\/en\/wp-json\/wp\/v2\/pages"}],"about":[{"href":"https:\/\/www.triponto.pt\/web\/en\/wp-json\/wp\/v2\/types\/page"}],"author":[{"embeddable":true,"href":"https:\/\/www.triponto.pt\/web\/en\/wp-json\/wp\/v2\/users\/2"}],"replies":[{"embeddable":true,"href":"https:\/\/www.triponto.pt\/web\/en\/wp-json\/wp\/v2\/comments?post=127"}],"version-history":[{"count":30,"href":"https:\/\/www.triponto.pt\/web\/en\/wp-json\/wp\/v2\/pages\/127\/revisions"}],"predecessor-version":[{"id":6577,"href":"https:\/\/www.triponto.pt\/web\/en\/wp-json\/wp\/v2\/pages\/127\/revisions\/6577"}],"wp:attachment":[{"href":"https:\/\/www.triponto.pt\/web\/en\/wp-json\/wp\/v2\/media?parent=127"}],"curies":[{"name":"wp","href":"https:\/\/api.w.org\/{rel}","templated":true}]}}