{"id":6436,"date":"2016-11-27T20:13:40","date_gmt":"2016-11-27T20:13:40","guid":{"rendered":"http:\/\/www.triponto.pt\/web\/?page_id=6436"},"modified":"2018-02-07T13:07:22","modified_gmt":"2018-02-07T13:07:22","slug":"tritrading","status":"publish","type":"page","link":"https:\/\/www.triponto.pt\/web\/en\/tritrading\/","title":{"rendered":"Tritrading"},"content":{"rendered":"<p><\/p>\n<div class=\"clearboth\"><\/div><\/div><\/div><\/div><div id=\"mk-page-section-6a00783e9d263\" data-intro-effect=\"false\" class=\"full-width-6a00783e9d263  full-height-false parallax-false mk-page-section mk-blur-parent mk-shortcode  \" data-speedFactor=\"0.3\"><div class=\"mk-video-color-mask\"><\/div><div class=\"vc_row-fluid page-section-fullwidth page-section-content\"><div class=\"mk-padding-wrapper\">\n\t<div style=\"\" class=\"vc_col-sm-12 wpb_column column_container \">\n\t\t\t<div class=\"clearboth\"><\/div><div class=\"mk-shortcode mk-padding-shortcode\" style=\"height:381px\"><\/div><div class=\"clearboth\"><\/div>\n\t<\/div><\/div><div class=\"clearboth\"><\/div><\/div><div class=\"clearboth\"><\/div><\/div>\n<style type='text\/css'>\n.full-width-6a00783e9d263 {\n    min-height:2px;\n    padding:0px 0 0px;\n    background-image:url(http:\/\/www.triponto.pt\/web\/tripo-upload\/uploads\/2016\/12\/fundo_tritrading_pagina.jpg); \n    background-attachment:scroll;\n    \n    background-position:center top;\n    background-repeat:no-repeat;\n    margin-bottom:0px;\n    \n}\n     \n.mk-main-wrapper {\n    display: none;\n}\n#theme-page {\n     padding-top:0;\n}<\/style><div><div><div><div class=\"clearboth\"><\/div><\/div><\/div><\/div><div id=\"mk-page-section-6a00783e9db4d\" data-intro-effect=\"false\" class=\"full-width-6a00783e9db4d  full-height-false parallax-false mk-page-section mk-blur-parent mk-shortcode  \" data-speedFactor=\"0.3\"><div class=\"mk-video-color-mask\"><\/div><div class=\"mk-grid vc_row-fluid page-section-content\"><div class=\"mk-padding-wrapper\">\n\t<div style=\"\" class=\"vc_col-sm-2 wpb_column column_container \">\n\t\t\t\n\t<\/div>\n\t<div style=\"\" class=\"vc_col-sm-8 wpb_column column_container \">\n\t\t\t<h2 style=\"font-size: 15px;text-align:center;color: #393836;font-style:inhert;font-weight:bold;margin-top:37px;margin-bottom:0px; text-transform:none;letter-spacing:0px;\" id=\"fancy-title-6a00783e9df7a\" class=\"mk-shortcode mk-fancy-title fancy-title-align-center simple-style \"><span style=\"\"><span style=\"line-height: 1.9em;\">Tritrading bases its activity on the national and international markets.<br \/>\nHaving a vast and long experience as traders, we divided our business area into 3 distinct activities: export agents of Portuguese manufactures, importers and exporters of different consumer goods and promotional marketing projects.<\/span><\/span><\/h2><div class=\"clearboth\"><\/div><div class=\"clearboth\"><\/div><div class=\"mk-shortcode mk-padding-shortcode\" style=\"height:70px\"><\/div><div class=\"clearboth\"><\/div>\n\t<\/div>\n\t<div style=\"\" class=\"vc_col-sm-2 wpb_column column_container \">\n\t\t\t\n\t<\/div><\/div><div class=\"clearboth\"><\/div><\/div><div class=\"clearboth\"><\/div><\/div>\n<style type='text\/css'>\n.full-width-6a00783e9db4d {\n    min-height:2px;\n    padding:0px 0 0px;\n    \n    background-attachment:scroll;\n    \n    background-position:center top;\n    background-repeat:no-repeat;\n    margin-bottom:0px;\n    \n}\n     \n.mk-main-wrapper {\n    display: none;\n}\n#theme-page {\n     padding-top:0;\n}<\/style><div><div><div><div class=\"clearboth\"><\/div><\/div><\/div><\/div><div id=\"mk-page-section-6a00783e9e85a\" data-intro-effect=\"false\" class=\"full-width-6a00783e9e85a  full-height-false parallax-false mk-page-section mk-blur-parent mk-shortcode  \" data-speedFactor=\"0.3\"><div class=\"mk-video-color-mask\"><\/div><div class=\"mk-grid vc_row-fluid page-section-content\"><div class=\"mk-padding-wrapper\">\n\t<div style=\"\" class=\"vc_col-sm-6 wpb_column column_container \">\n\t\t\t<h2 style=\"font-size: 27px;text-align:left;color: #1e9fce;font-style:inhert;font-weight:300;margin-top:0px;margin-bottom:18px; text-transform:none;letter-spacing:0px;\" id=\"fancy-title-6a00783e9ebb2\" class=\"mk-shortcode mk-fancy-title fancy-title-align-left simple-style \"><span style=\"\">Export Agents for Portuguese manufactures:<\/span><\/h2><div class=\"clearboth\"><\/div>\t<div style=\" margin-bottom:0px;text-align: left;\" class=\"mk-text-block  \"><p>TRIPONTO is a company dedicated to the export of goods manufactured in Portugal and works with a wide network of Portuguese factories in the Living\u00a0and Home Decoration sector. Our product offer refers to the best of the \u201cmade in Portugal\u201d production, internationally recognised as the excellence of certain products such as: Glass, Ceramics, Cutlery, Furniture, Lighting and Textiles.<br \/>\nAs a Portuguese company specialized in foreign trade, our customers are international brands, looking for the best product at the best price.<\/p>\n<div class=\"clearboth\"><\/div><\/div> \n\t<\/div>\n\t<div style=\"\" class=\"vc_col-sm-6 wpb_column column_container \">\n\t\t\t<div class=\"mk-image-shortcode mk-shortcode   align-center simple-frame inside-image \" style=\"max-width: 500px; margin-bottom:10px\"><div class=\"mk-image-inner\"><img class=\"lightbox-false\" alt=\"\" title=\"\" src=\"http:\/\/www.triponto.pt\/web\/tripo-upload\/uploads\/bfi_thumb\/tri_ideia_500-32qjb3y4g8s35drfglrpq8.jpg\" \/><\/div><div class=\"clearboth\"><\/div><\/div><div class=\"clearboth\"><\/div><div class=\"mk-shortcode mk-padding-shortcode\" style=\"height:40px\"><\/div><div class=\"clearboth\"><\/div>\n\t<\/div><\/div><div class=\"clearboth\"><\/div><\/div><div class=\"clearboth\"><\/div><\/div>\n<style type='text\/css'>\n.full-width-6a00783e9e85a {\n    min-height:8px;\n    padding:0px 0 0px;\n    \n    background-attachment:scroll;\n    \n    background-position:left top;\n    background-repeat:repeat;\n    margin-bottom:0px;\n    \n}\n     \n.mk-main-wrapper {\n    display: none;\n}\n#theme-page {\n     padding-top:0;\n}<\/style><div><div><div><div class=\"clearboth\"><\/div><\/div><\/div><\/div><div id=\"mk-page-section-6a00783ea1bb6\" data-intro-effect=\"false\" class=\"full-width-6a00783ea1bb6  full-height-false parallax-false mk-page-section mk-blur-parent mk-shortcode  \" data-speedFactor=\"0.3\"><div class=\"mk-video-color-mask\"><\/div><div class=\"mk-grid vc_row-fluid page-section-content\"><div class=\"mk-padding-wrapper\">\n\t<div style=\"\" class=\"vc_col-sm-12 wpb_column column_container \">\n\t\t\t\t<div style=\" margin-bottom:0px;text-align: left;\" class=\"mk-text-block  \"><p><strong style=\"color: #1e9fce;\">WHY US?<\/strong><\/p>\n<ul>\n<li>We search for the best suppliers for the best products, offering a wide range of products for home and decoration;<\/li>\n<li>As a result of our close relationship with the factories, we offer to our customers a permanent\u00a0\u00a0 flow of new products, ideas and solutions;<\/li>\n<li>We have the know-how of production processes, allowing us to do the controlling, follow up and reporting of each project phase: Production, Quality, Logistics;<\/li>\n<li>Through our experience and knowledge both in the Commercial and Technical areas we ensure the right communication between the costumers and the factories;<\/li>\n<li>We help customers and factories, solving any concerns due to distance, cultural or language reasons.<\/li>\n<\/ul>\n<p>TRIPONTO is focused on establishing the bridge between the customer and the manufacturer, managing the needs and goals of both parties, aiming the best partnership.<\/p>\n<div class=\"clearboth\"><\/div><\/div> <div class=\"clearboth\"><\/div><div class=\"mk-shortcode mk-padding-shortcode\" style=\"height:35px\"><\/div><div class=\"clearboth\"><\/div><h2 style=\"font-size: 27px;text-align:left;color: #1e9fce;font-style:inhert;font-weight:300;margin-top:0px;margin-bottom:18px; text-transform:none;letter-spacing:0px;\" id=\"fancy-title-6a00783ea2171\" class=\"mk-shortcode mk-fancy-title fancy-title-align-left simple-style \"><span style=\"\">Import\/Export:<\/span><\/h2><div class=\"clearboth\"><\/div>\t<div style=\" margin-bottom:0px;text-align: left;\" class=\"mk-text-block  \"><p>Since its origin, TRIPONTO operates in the area of international trading, focusing its action on supplying its customers with the best products. We specialize in the export of non-food products to African and American markets, as well as the importing into the domestic market.<\/p>\n<p><strong style=\"color: #1e9fce;\">WHY US?<\/strong><\/p>\n<ul>\n<li>With a large experience of many years we offer the best prices available in the market to our customers, who are mainly large importers and retailers in the markets where we operate;<\/li>\n<li>Aiming the best service to its customers, TRIPONTO deals with a large network of partners and manufacturers worldwide.<\/li>\n<\/ul>\n<p>TRIPONTO assures the entire process from obtaining the goods and the inherent services to the full preparation and processing of the order.<\/p>\n<div class=\"clearboth\"><\/div><\/div> <div class=\"clearboth\"><\/div><div class=\"mk-shortcode mk-padding-shortcode\" style=\"height:35px\"><\/div><div class=\"clearboth\"><\/div><h2 style=\"font-size: 27px;text-align:left;color: #1e9fce;font-style:inhert;font-weight:300;margin-top:0px;margin-bottom:18px; text-transform:none;letter-spacing:0px;\" id=\"fancy-title-6a00783ea24d3\" class=\"mk-shortcode mk-fancy-title fancy-title-align-left simple-style \"><span style=\"\">Marketing promotional:<\/span><\/h2><div class=\"clearboth\"><\/div>\t<div style=\" margin-bottom:0px;text-align: left;\" class=\"mk-text-block  \"><p>With over 15 years\u2019 experience in the domestic and international markets, we are a company specializing in trade marketing. Our mission is to carry out the best procurement in order to ensure the most competitive price \/ quality ratio for each promotional project. Since the beginning of its activity, TRIPONTO works with reference customers in the domestic and international markets, from the hospitality, food and beverages sector, through the editorial distribution to the distance selling sector. Specializing in Glass, Ceramics, Textiles and Fashion products, TRIPONTO currently has a wide network of partners in Europe and Asia.<\/p>\n<div class=\"clearboth\"><\/div><\/div> <div class=\"clearboth\"><\/div><div class=\"mk-shortcode mk-padding-shortcode\" style=\"height:68px\"><\/div><div class=\"clearboth\"><\/div>\n\t<\/div><\/div><div class=\"clearboth\"><\/div><\/div><div class=\"clearboth\"><\/div><\/div>\n<style type='text\/css'>\n.full-width-6a00783ea1bb6 {\n    min-height:100px;\n    padding:0px 0 0px;\n    \n    background-attachment:scroll;\n    \n    background-position:left top;\n    background-repeat:repeat;\n    margin-bottom:0px;\n    \n}\n     \n.mk-main-wrapper {\n    display: none;\n}\n#theme-page {\n     padding-top:0;\n}<\/style><div><div><div><div class=\"clearboth\"><\/div><\/div><\/div><\/div><div id=\"contacto_tritrading\" data-intro-effect=\"false\" class=\"full-width-6a00783ea29a1  full-height-false parallax-false mk-page-section mk-blur-parent mk-shortcode  \" data-speedFactor=\"0.3\"><div class=\"mk-video-color-mask\"><\/div><div class=\"mk-grid vc_row-fluid page-section-content\"><div class=\"mk-padding-wrapper\">\n\t<div style=\"\" class=\"vc_col-sm-12 wpb_column column_container \">\n\t\t\t<div class=\"mk-image-shortcode mk-shortcode   align-center simple-frame inside-image \" style=\"max-width: 661px; margin-bottom:10px\"><div class=\"mk-image-inner\"><img class=\"lightbox-false\" alt=\"\" title=\"\" src=\"http:\/\/www.triponto.pt\/web\/tripo-upload\/uploads\/2016\/11\/sombra_3_.png\" \/><\/div><div class=\"clearboth\"><\/div><\/div><div class=\"clearboth\"><\/div><div class=\"mk-shortcode mk-padding-shortcode\" style=\"height:35px\"><\/div><div class=\"clearboth\"><\/div><h2 style=\"font-size: 30px;text-align:center;color: #393836;font-style:inhert;font-weight:300;margin-top:0px;margin-bottom:18px; text-transform:none;letter-spacing:0px;\" id=\"fancy-title-6a00783ea497f\" class=\"mk-shortcode mk-fancy-title fancy-title-align-center simple-style \"><span style=\"\">Contact us<\/span><\/h2><div class=\"clearboth\"><\/div>\n\t<\/div><\/div><div class=\"clearboth\"><\/div><\/div><div class=\"clearboth\"><\/div><\/div>\n<style type='text\/css'>\n.full-width-6a00783ea29a1 {\n    min-height:20px;\n    padding:0px 0 0px;\n    \n    background-attachment:scroll;\n    \n    background-position:left top;\n    background-repeat:repeat;\n    margin-bottom:0px;\n    \n}\n     \n.mk-main-wrapper {\n    display: none;\n}\n#theme-page {\n     padding-top:0;\n}<\/style><div><div><div><div class=\"clearboth\"><\/div><\/div><\/div><\/div><div id=\"mk-page-section-6a00783ea4d33\" data-intro-effect=\"false\" class=\"full-width-6a00783ea4d33  full-height-false parallax-false mk-page-section mk-blur-parent mk-shortcode  \" data-speedFactor=\"0.3\"><div class=\"mk-video-color-mask\"><\/div><div class=\"mk-grid vc_row-fluid page-section-content\"><div class=\"mk-padding-wrapper\">\n\t<div style=\"\" class=\"vc_col-sm-3 wpb_column column_container \">\n\t\t\t\n\t<\/div>\n\t<div style=\"\" class=\"vc_col-sm-6 wpb_column column_container \">\n\t\t\t\t<div style=\" margin-bottom:0px;text-align: left;\" class=\"mk-text-block  \"><p style=\"text-align: left;\"><div class=\"frm_forms  with_frm_style frm_style_formidable-style\" id=\"frm_form_11_container\" >\n<form enctype=\"multipart\/form-data\" method=\"post\" class=\"frm-show-form \" id=\"form_mzdjk823\"  >\n<div class=\"frm_form_fields \">\n<fieldset>\n\r\n<div class=\"frm_fields_container\">\n<input type=\"hidden\" name=\"frm_action\" value=\"create\" \/>\n<input type=\"hidden\" name=\"form_id\" value=\"11\" \/>\n<input type=\"hidden\" name=\"frm_hide_fields_11\" id=\"frm_hide_fields_11\" value=\"\" \/>\n<input type=\"hidden\" name=\"form_key\" value=\"mzdjk823\" \/>\n<input type=\"hidden\" name=\"item_meta[0]\" value=\"\" \/>\n<input type=\"hidden\" id=\"frm_submit_entry_11\" name=\"frm_submit_entry_11\" value=\"806f08294d\" \/><input type=\"hidden\" name=\"_wp_http_referer\" value=\"\/web\/en\/wp-json\/wp\/v2\/pages\/6436\" \/><label for=\"frm_verify_11\" class=\"frm_screen_reader frm_hidden\">If you are human, leave this field blank.<\/label>\n<input type=\"text\" class=\"frm_hidden frm_verify\" id=\"frm_verify_11\" name=\"frm_verify\" value=\"\"  \/>\n<div id=\"frm_field_65_container\" class=\"frm_form_field form-field  frm_required_field frm_top_container\">\r\n    <label for=\"field_r078be4\" class=\"frm_primary_label\">Name\r\n        <span class=\"frm_required\">*<\/span>\r\n    <\/label>\r\n    <input type=\"text\" id=\"field_r078be4\" name=\"item_meta[65]\" value=\"\"  data-reqmsg=\"This field cannot be blank.Este campo tem de ser preenchido\" aria-required=\"true\" data-invmsg=\"Name is invalid\"  \/>\r\n    \r\n    \r\n<\/div>\n<div id=\"frm_field_67_container\" class=\"frm_form_field form-field  frm_required_field frm_top_container\">\r\n    <label for=\"field_rztega4\" class=\"frm_primary_label\">Email\r\n        <span class=\"frm_required\">*<\/span>\r\n    <\/label>\r\n    <input type=\"text\" id=\"field_rztega4\" name=\"item_meta[67]\" value=\"\"  data-reqmsg=\"This field cannot be blank.Este campo tem de ser preenchido\" aria-required=\"true\" data-invmsg=\"Email is invalid\"  \/>\r\n    \r\n    \r\n<\/div>\n<div id=\"frm_field_68_container\" class=\"frm_form_field form-field  frm_top_container\">\r\n    <label for=\"field_om94d54\" class=\"frm_primary_label\">Phone\r\n        <span class=\"frm_required\"><\/span>\r\n    <\/label>\r\n    <input type=\"text\" id=\"field_om94d54\" name=\"item_meta[68]\" value=\"\"  data-invmsg=\"Phone is invalid\"  \/>\r\n    \r\n    \r\n<\/div>\n<div id=\"frm_field_74_container\" class=\"frm_form_field form-field  frm_required_field frm_top_container\">\r\n    <label for=\"field_zkrcdz\" class=\"frm_primary_label\">Locality (city)\r\n        <span class=\"frm_required\">*<\/span>\r\n    <\/label>\r\n    <input type=\"text\" id=\"field_zkrcdz\" name=\"item_meta[74]\" value=\"\"  data-reqmsg=\"This field cannot be blank.Este campo tem de ser preenchido\" aria-required=\"true\" data-invmsg=\"Locality (city) is invalid\"  \/>\r\n    \r\n    \r\n<\/div>\n<input type=\"hidden\" id=\"field_sourcee00f24cc57\" name=\"item_meta[101]\" value=\"\"  data-invmsg=\" is invalid\"  \/><div id=\"frm_field_71_container\" class=\"frm_form_field form-field  frm_top_container\">\r\n    <label for=\"field_ak39z4\" class=\"frm_primary_label\">Message:\r\n        <span class=\"frm_required\"><\/span>\r\n    <\/label>\r\n    <textarea name=\"item_meta[71]\" id=\"field_ak39z4\" rows=\"5\"  data-invmsg=\"Message: is invalid\"  ><\/textarea>\r\n    \r\n    \r\n<\/div>\n<div id=\"frm_field_75_container\" class=\"frm_form_field form-field  frm_top_container\">\r\n    <label for=\"g-recaptcha-response\" class=\"frm_primary_label\">reCAPTCHA\r\n        <span class=\"frm_required\"><\/span>\r\n    <\/label>\r\n    <div id=\"field_20pful\" class=\"g-recaptcha\" data-sitekey=\"6Ldh_VEUAAAAAFInBu1mAMIQuq2FN56vB2CIb8nP\" data-size=\"normal\" data-theme=\"light\"><\/div>\r\n    \r\n    \r\n<\/div>\n<div id=\"frm_field_84_container\" class=\"frm_form_field form-field  frm_required_field frm_top_container vertical_radio\">\r\n    <label for=\"field_mpyai\" class=\"frm_primary_label\">Privacy Policy\r\n        <span class=\"frm_required\">*<\/span>\r\n    <\/label>\r\n    <div class=\"frm_opt_container\">\t\t<div class=\"frm_checkbox\" id=\"frm_checkbox_84-0\"><label for=\"field_mpyai-0\"><input type=\"checkbox\" name=\"item_meta[84][]\" id=\"field_mpyai-0\" value=\"I have read and accept the &lt;a href=&quot;https:\/\/www.triponto.pt\/web\/privacidade\/&quot; target=&quot;_blank&quot;&gt;Privacy Policy&lt;\/a&gt;\"  data-reqmsg=\"This field cannot be blank.Este campo tem de ser preenchido\" data-invmsg=\"Privacy Policy is invalid\"   \/> I have read and accept the <a href=\"https:\/\/www.triponto.pt\/web\/privacidade\/\" target=\"_blank\">Privacy Policy<\/a><\/label><\/div>\n<\/div>\r\n    \r\n    \r\n<\/div>\n<input type=\"hidden\" name=\"item_key\" value=\"\" \/>\n\t<div class=\"frm_submit\">\r\n\r\n<input type=\"submit\" value=\"Submit\"  \/>\r\n<img class=\"frm_ajax_loading\" src=\"https:\/\/www.triponto.pt\/web\/tripo-upload\/plugins\/formidable\/images\/ajax_loader.gif\" alt=\"Enviando\" style=\"visibility:hidden;\" \/>\r\n\r\n<\/div><\/div>\n<\/fieldset>\n<\/div>\n<\/form>\n<\/div>\n<div class=\"clearboth\"><\/div><\/div> <div class=\"clearboth\"><\/div><div class=\"mk-shortcode mk-padding-shortcode\" style=\"height:70px\"><\/div><div class=\"clearboth\"><\/div>\n\t<\/div>\n\t<div style=\"\" class=\"vc_col-sm-3 wpb_column column_container \">\n\t\t\t\n\t<\/div><\/div><div class=\"clearboth\"><\/div><\/div><div class=\"clearboth\"><\/div><\/div>\n<style type='text\/css'>\n.full-width-6a00783ea4d33 {\n    min-height:100px;\n    padding:10px 0 10px;\n    \n    background-attachment:scroll;\n    \n    background-position:left top;\n    background-repeat:repeat;\n    margin-bottom:0px;\n    \n}\n     \n.mk-main-wrapper {\n    display: none;\n}\n#theme-page {\n     padding-top:0;\n}<\/style><div><div><div>\n<p><\/p>","protected":false},"excerpt":{"rendered":".full-width-6a00783ea9dc1 { min-height:2px; padding:0px 0 0px; background-image:url(http:\/\/www.triponto.pt\/web\/tripo-upload\/uploads\/2016\/12\/fundo_tritrading_pagina.jpg); background-attachment:scroll; background-position:center top; background-repeat:no-repeat; margin-bottom:0px; } .mk-main-wrapper { display: none; } #theme-page { padding-top:0; } A tritrading baseia a sua atividade no mercado nacional e internacional. Tendo uma vasta e longa experi\u00eancia como traders, dividimos esta nossa \u00e1rea de neg\u00f3cio em 3 atividades distintas: agentes de exporta\u00e7\u00e3o f\u00e1bricas [...]","protected":false},"author":2,"featured_media":0,"parent":0,"menu_order":0,"comment_status":"closed","ping_status":"closed","template":"","meta":[],"yoast_head":"<!-- This site is optimized with the Yoast SEO plugin v14.2 - https:\/\/yoast.com\/wordpress\/plugins\/seo\/ -->\n<meta name=\"description\" content=\"A Tritrading est\u00e1 dividida em 3 atividades: agentes de exporta\u00e7\u00e3o de f\u00e1bricas portuguesas, importa\u00e7\u00e3o\/exporta\u00e7\u00e3o de bens de consumo e Marketing promocional.\" \/>\n<meta name=\"robots\" content=\"index, follow\" \/>\n<meta name=\"googlebot\" content=\"index, follow, max-snippet:-1, max-image-preview:large, max-video-preview:-1\" \/>\n<meta name=\"bingbot\" content=\"index, follow, max-snippet:-1, max-image-preview:large, max-video-preview:-1\" \/>\n<link rel=\"canonical\" href=\"https:\/\/www.triponto.pt\/web\/tritrading\/\" \/>\n<meta property=\"og:locale\" content=\"en_US\" \/>\n<meta property=\"og:type\" content=\"article\" \/>\n<meta property=\"og:title\" content=\"Tritrading - TRIPONTO\" \/>\n<meta property=\"og:description\" content=\"A Tritrading est\u00e1 dividida em 3 atividades: agentes de exporta\u00e7\u00e3o de f\u00e1bricas portuguesas, importa\u00e7\u00e3o\/exporta\u00e7\u00e3o de bens de consumo e Marketing promocional.\" \/>\n<meta property=\"og:url\" content=\"https:\/\/www.triponto.pt\/web\/tritrading\/\" \/>\n<meta property=\"og:site_name\" content=\"Triponto\" \/>\n<meta property=\"article:modified_time\" content=\"2018-02-07T13:07:22+00:00\" \/>\n<script type=\"application\/ld+json\" class=\"yoast-schema-graph\">{\"@context\":\"https:\/\/schema.org\",\"@graph\":[{\"@type\":\"WebSite\",\"@id\":\"https:\/\/www.triponto.pt\/web\/en\/#website\",\"url\":\"https:\/\/www.triponto.pt\/web\/en\/\",\"name\":\"Triponto\",\"description\":\"Servi\\u00e7os comerciais, lda.\",\"potentialAction\":[{\"@type\":\"SearchAction\",\"target\":\"https:\/\/www.triponto.pt\/web\/en\/?s={search_term_string}\",\"query-input\":\"required name=search_term_string\"}],\"inLanguage\":\"en-US\"},{\"@type\":\"WebPage\",\"@id\":\"https:\/\/www.triponto.pt\/web\/tritrading\/#webpage\",\"url\":\"https:\/\/www.triponto.pt\/web\/tritrading\/\",\"name\":\"Tritrading - TRIPONTO\",\"isPartOf\":{\"@id\":\"https:\/\/www.triponto.pt\/web\/en\/#website\"},\"datePublished\":\"2016-11-27T20:13:40+00:00\",\"dateModified\":\"2018-02-07T13:07:22+00:00\",\"description\":\"A Tritrading est\\u00e1 dividida em 3 atividades: agentes de exporta\\u00e7\\u00e3o de f\\u00e1bricas portuguesas, importa\\u00e7\\u00e3o\/exporta\\u00e7\\u00e3o de bens de consumo e Marketing promocional.\",\"inLanguage\":\"en-US\",\"potentialAction\":[{\"@type\":\"ReadAction\",\"target\":[\"https:\/\/www.triponto.pt\/web\/tritrading\/\"]}]}]}<\/script>\n<!-- \/ Yoast SEO plugin. -->","_links":{"self":[{"href":"https:\/\/www.triponto.pt\/web\/en\/wp-json\/wp\/v2\/pages\/6436"}],"collection":[{"href":"https:\/\/www.triponto.pt\/web\/en\/wp-json\/wp\/v2\/pages"}],"about":[{"href":"https:\/\/www.triponto.pt\/web\/en\/wp-json\/wp\/v2\/types\/page"}],"author":[{"embeddable":true,"href":"https:\/\/www.triponto.pt\/web\/en\/wp-json\/wp\/v2\/users\/2"}],"replies":[{"embeddable":true,"href":"https:\/\/www.triponto.pt\/web\/en\/wp-json\/wp\/v2\/comments?post=6436"}],"version-history":[{"count":19,"href":"https:\/\/www.triponto.pt\/web\/en\/wp-json\/wp\/v2\/pages\/6436\/revisions"}],"predecessor-version":[{"id":6622,"href":"https:\/\/www.triponto.pt\/web\/en\/wp-json\/wp\/v2\/pages\/6436\/revisions\/6622"}],"wp:attachment":[{"href":"https:\/\/www.triponto.pt\/web\/en\/wp-json\/wp\/v2\/media?parent=6436"}],"curies":[{"name":"wp","href":"https:\/\/api.w.org\/{rel}","templated":true}]}}