{"id":6658,"date":"2018-05-24T18:38:49","date_gmt":"2018-05-24T18:38:49","guid":{"rendered":"http:\/\/www.triponto.pt\/web\/?page_id=6658"},"modified":"2018-05-24T18:52:47","modified_gmt":"2018-05-24T18:52:47","slug":"privacidade","status":"publish","type":"page","link":"https:\/\/www.triponto.pt\/web\/en\/privacidade\/","title":{"rendered":"Privacy Policy"},"content":{"rendered":"<div class=\"wpb_row vc_row  vc_row-fluid  mk-fullwidth-false  attched-false vc_row-fluid\">\n\t<div style=\"\" class=\"vc_col-sm-12 wpb_column column_container \">\n\t\t\t\t<div style=\" margin-bottom:0px;text-align: left;\" class=\"mk-text-block  \"><p><span style=\"font-size: medium;\"><b>Declara\u00e7\u00e3o\u200b \u200bde\u200b \u200bprivacidade<\/b><\/span><\/p>\n<p align=\"justify\"><a name=\"_Hlk514919481\"><\/a> <span style=\"font-size: medium;\">A sua privacidade \u00e9 importante para n\u00f3s. A Triponto Servi\u00e7os Comerciais, Lda, doravante denominada <\/span><span style=\"font-size: medium;\"><i><b>Triponto <\/b><\/i><\/span><span style=\"font-size: medium;\">est\u00e1 a fornecer este aviso para descrever e explicar quais as nossas pr\u00e1ticas para obten\u00e7\u00e3o de informa\u00e7\u00f5es e as escolhas que pode fazer sobre a forma como as suas informa\u00e7\u00f5es s\u00e3o angariadas e utilizadas.<\/span><\/p>\n<p>&nbsp;<\/p>\n<p align=\"justify\"><span style=\"font-size: medium;\"><b>A\u200b \u200binforma\u00e7\u00e3o\u200b \u200bque\u200b \u200bguardamos\u200b \u200be\u200b \u200bcomo\u200b \u200ba\u200b \u200bguardamos<\/b><\/span><\/p>\n<p align=\"justify\"><span style=\"font-size: medium;\">Informa\u00e7\u00f5es pessoais como o seu nome, email, empresa e cargo s\u00e3o obtidas somente quando voluntariamente s\u00e3o enviadas. Informa\u00e7\u00f5es t\u00e9cnicas, como detalhes sobre o seu dispositivo (Telem\u00f3vel, Computador, Tablet) e endere\u00e7o IP, podem ser angariadas em virtude do uso de algumas outras tecnologias que utilizamos da Google ou Facebook especialmente para retargeting e remarketing.<\/span><\/p>\n<p align=\"justify\"><span style=\"font-size: medium;\">A <\/span><span style=\"font-size: medium;\"><i><b>Triponto <\/b><\/i><\/span><span style=\"font-size: medium;\">recolhe esta informa\u00e7\u00e3o de v\u00e1rias formas:<\/span><\/p>\n<p align=\"justify\">\u25cf <span style=\"font-size: medium;\">Atrav\u00e9s do registo, pesquisas e outros formul\u00e1rios online;<\/span><\/p>\n<p align=\"justify\">\u25cf <span style=\"font-size: medium;\">Ao fornecer suporte t\u00e9cnico, live-chat ou informa\u00e7\u00f5es de servi\u00e7os;<\/span><\/p>\n<p align=\"justify\">\u25cf <span style=\"font-size: medium;\">Atrav\u00e9s do processo de manuten\u00e7\u00e3o e atualiza\u00e7\u00e3o dos nossos servi\u00e7os;<\/span><\/p>\n<p align=\"justify\">\u25cf <span style=\"font-size: medium;\">Atrav\u00e9s de meios automatizados, como cookies;<\/span><\/p>\n<p align=\"justify\">\u25cf <span style=\"font-size: medium;\">Atrav\u00e9s do seu interesse em an\u00fancios dos servi\u00e7os e produtos <\/span><span style=\"font-size: medium;\"><i><b>Triponto<\/b><\/i><\/span><span style=\"font-size: medium;\">, colocados em websites de terceiros e \/ou parceiros.<\/span><\/p>\n<p align=\"justify\"><span style=\"font-size: medium;\">Os dados pessoais ou outros dados angariados online tamb\u00e9m podem ser combinados com as informa\u00e7\u00f5es que nos forneceu atrav\u00e9s de outras fontes, como registo em forma\u00e7\u00f5es, eventos ou feiras. As informa\u00e7\u00f5es que fornece ser\u00e3o associadas ao relacionamento que a <\/span><span style=\"font-size: medium;\"><i><b>Triponto <\/b><\/i><\/span><span style=\"font-size: medium;\">possui consigo ou com a sua organiza\u00e7\u00e3o e n\u00e3o ser\u00e3o partilhadas com terceiros.<\/span><\/p>\n<p>&nbsp;<\/p>\n<p align=\"justify\"><span style=\"font-size: medium;\"><b>Termos\u200b \u200be\u200b \u200bCondi\u00e7\u00f5es\u200b \u200bdo\u200b \u200bServi\u00e7o\u200b \u200bde\u200b \u200bPermiss\u00e3o\u200b \u200bde\u200b \u200bMarketing<\/b><\/span><\/p>\n<p align=\"justify\"><span style=\"font-size: medium;\">Os dados fornecidos s\u00e3o da responsabilidade da <\/span><span style=\"font-size: medium;\"><i><b>Triponto <\/b><\/i><\/span><span style=\"font-size: medium;\">com sede na Avenida Elias Garcia N\u00ba176 2 Esq, 1050-103 Lisboa, com NIF 504500074.<\/span><\/p>\n<p>&nbsp;<\/p>\n<p align=\"center\"><span style=\"font-size: medium;\"><b>TERMOS \u200bE \u200bCONDI\u00c7\u00d5ES<\/b><\/span><\/p>\n<p>&nbsp;<\/p>\n<p><span style=\"font-size: medium;\"><b>ACESSO\u200b \u200bE\u200b \u200bUTILIZADORES<\/b><\/span><\/p>\n<p align=\"justify\"><a name=\"_Hlk514919602\"><\/a> <span style=\"font-size: medium;\">O acesso ao WEBSITE <a href=\"http:\/\/www.triponto.pt\/\">www.triponto.pt<\/a> da <\/span><span style=\"font-size: medium;\"><i><b>Triponto <\/b><\/i><\/span><span style=\"font-size: medium;\">implica a aceita\u00e7\u00e3o plena e sem reservas por parte do utilizador de todas os TERMOS E CONDI\u00c7\u00d5ES.<\/span><\/p>\n<p align=\"justify\"><span style=\"font-size: medium;\">Ao consultar, utilizar ou descarregar o conte\u00fado do website, est\u00e1 a comprometer-se a respeitar as condi\u00e7\u00f5es de uso.<\/span><\/p>\n<p><span style=\"font-size: medium;\"><b>MODIFICA\u00c7\u00d5ES<\/b><\/span><\/p>\n<p align=\"justify\"><span style=\"font-size: medium;\">Com a finalidade de melhorar as caracter\u00edsticas e conte\u00fados do website, \u00e0 <\/span><span style=\"font-size: medium;\"><i><b>Triponto <\/b><\/i><\/span><span style=\"font-size: medium;\">reserva-se o direito de modificar, ampliar ou suspender temporariamente a apresenta\u00e7\u00e3o, configura\u00e7\u00e3o, especifica\u00e7\u00f5es t\u00e9cnicas, conte\u00fados do WEBSITE, em qualquer momento, de forma unilateral e sem pr\u00e9via notifica\u00e7\u00e3o ao utilizador.<\/span><\/p>\n<p><span style=\"font-size: medium;\"><b>CONDI\u00c7\u00d5ES\u200b \u200bDE\u200b \u200bUSO<\/b><\/span><\/p>\n<p align=\"justify\"><span style=\"font-size: medium;\">O utilizador compromete-se a realizar um bom uso dos conte\u00fados e servi\u00e7os do website que nunca poder\u00e3o ser utilizados para atividades il\u00edcitas ou que possam ser contr\u00e1rias \u00e0 ordem p\u00fablica, ou \u00e0 defesa nacional.<\/span><\/p>\n<p align=\"justify\"><span style=\"font-size: medium;\">O utilizador est\u00e1 autorizado a visualizar toda a informa\u00e7\u00e3o contida no website, sempre e quando os referidos conte\u00fados sejam para seu uso exclusivo e n\u00e3o sejam posteriormente cedidos a terceiros.<\/span><\/p>\n<p>&nbsp;<\/p>\n<p><span style=\"font-size: medium;\"><b>Logs\u200b \u200bdo\u200b \u200bservidor\u200b\u200b \u200bWeb<\/b><\/span><\/p>\n<p align=\"justify\"><span style=\"font-size: medium;\">No processo de administra\u00e7\u00e3o deste WEBSITE, mantemos e rastreamos o uso atrav\u00e9s dos logs do servidor WEB. Os logs do servidor WEB fornecem informa\u00e7\u00f5es como<\/span><\/p>\n<p align=\"justify\"><span style=\"font-size: medium;\">quais os tipos de browser e utilizadores que acedem ao nosso WEBSITE, quais as p\u00e1ginas recebem mais tr\u00e1fego e as horas do dia em que os nossos servidores experimentam carga significativa. Usamos essas informa\u00e7\u00f5es para melhorar os recursos de navega\u00e7\u00e3o do nosso website. As formas anonimizadas ou agregadas desses dados podem ser usadas para identificar os recursos e fun\u00e7\u00f5es futuras a serem desenvolvidos para o WEBSITE e oferecer um melhor atendimento ao cliente.<\/span><\/p>\n<p>&nbsp;<\/p>\n<p><span style=\"font-size: medium;\"><b>Cookies<\/b><\/span><\/p>\n<p align=\"justify\"><span style=\"font-size: medium;\">Os &#8220;cookies&#8221;, podem ser usadas para fornecer informa\u00e7\u00f5es personalizadas de um website. Um cookie \u00e9 um elemento de dados que um website pode enviar ao seu browser, onde o mesmo pode ent\u00e3o guardar no seu sistema. Algumas p\u00e1ginas do nosso website utilizam cookies que o ajudam a navegar e usar o website, por exemplo, para ajud\u00e1-lo a aceder a \u00e1reas seguras. Outras p\u00e1ginas no website podem configurar cookies para guardar informa\u00e7\u00f5es agregadas de utiliza\u00e7\u00e3o que usamos para melhorar o funcionamento do website. Os cookies tamb\u00e9m podem ser utilizados no nosso website para identificar certas escolhas que efetuou, como a sua localiza\u00e7\u00e3o geogr\u00e1fica e outros.<\/span><\/p>\n<p align=\"justify\"><span style=\"font-size: medium;\">Usamos cookies para melhorar a experi\u00eancia do utilizador para que o possamos receber de uma maneira adequada numa pr\u00f3xima visita.<\/span><\/p>\n<p>&nbsp;<\/p>\n<p><span style=\"font-size: medium;\"><b>Como utilizamos as suas informa\u00e7\u00f5es<\/b><\/span><\/p>\n<p align=\"justify\"><span style=\"font-size: medium;\">A <\/span><span style=\"font-size: medium;\"><i><b>Triponto <\/b><\/i><\/span><span style=\"font-size: medium;\">pode usar suas informa\u00e7\u00f5es pessoais para:<\/span><\/p>\n<ul>\n<li>\n<p align=\"justify\"><span style=\"font-size: medium;\">Cumprir solicita\u00e7\u00f5es de inscri\u00e7\u00e3o e servi\u00e7os feitos online;<\/span><\/p>\n<\/li>\n<li>\n<p align=\"justify\"><span style=\"font-size: medium;\">Ajudar-nos a personalizar o conte\u00fado mais relevante para os seus interesses;<\/span><\/p>\n<\/li>\n<li>\n<p align=\"justify\"><span style=\"font-size: medium;\">Notificar sobre not\u00edcias importantes sobre os servi\u00e7os e produtos da <\/span><span style=\"font-size: medium;\"><i><b>Triponto<\/b><\/i><\/span><span style=\"font-size: medium;\">;<\/span><\/p>\n<\/li>\n<li>\n<p align=\"justify\"><span style=\"font-size: medium;\">Notificar sobre novos produtos e servi\u00e7os, atualiza\u00e7\u00f5es de produtos, problemas de suporte t\u00e9cnico, eventos e ofertas especiais que achamos que podem ser do seu interesse;<\/span><\/p>\n<\/li>\n<li>\n<p align=\"justify\"><span style=\"font-size: medium;\">Prevenir e detetar fraudes ou outras atividades proibidas ou ilegais;<\/span><\/p>\n<\/li>\n<li>\n<p align=\"justify\"><span style=\"font-size: medium;\">Proteger a seguran\u00e7a e a integridade do website.<\/span><\/p>\n<\/li>\n<\/ul>\n<p>&nbsp;<\/p>\n<p><span style=\"font-size: medium;\"><b>PROPRIEDADE\u200b \u200bINTELECTUAL\u200b \u200bE\u200b \u200bINDUSTRIAL<\/b><\/span><\/p>\n<p align=\"justify\"><span style=\"font-size: medium;\">Os direitos de propriedade intelectual e industrial contidos no website, o seu grafismo e c\u00f3digos inform\u00e1ticos, assim como os nomes comerciais, marcas e sinais distintivos s\u00e3o propriedade da <\/span><span style=\"font-size: medium;\"><i><b>Triponto<\/b><\/i><\/span><span style=\"font-size: medium;\">.<\/span><\/p>\n<p align=\"justify\"><span style=\"font-size: medium;\">Qualquer reprodu\u00e7\u00e3o, distribui\u00e7\u00e3o, comercializa\u00e7\u00e3o ou transforma\u00e7\u00e3o de conte\u00fados que n\u00e3o tenha sido expressamente autorizada pelos seus titulares, constitui uma infra\u00e7\u00e3o aos direitos de propriedade intelectual e industrial, protegidos por lei.<\/span><\/p>\n<p><span style=\"font-size: medium;\"><b>LIMITA\u00c7\u00c3O\u200b \u200bDE\u200b \u200bRESPONSABILIDADE<\/b><\/span><\/p>\n<p align=\"justify\"><span style=\"font-size: medium;\">A <\/span><span style=\"font-size: medium;\"><i><b>Triponto <\/b><\/i><\/span><span style=\"font-size: medium;\">n\u00e3o garante nem se responsabiliza pelos danos e preju\u00edzos de qualquer natureza e que resultem das seguintes circunst\u00e2ncias:<\/span><\/p>\n<ul>\n<li>\n<p align=\"justify\"><span style=\"font-size: medium;\">Falta de funcionamento do website ou o funcionamento incorreto das p\u00e1ginas;<\/span><\/p>\n<\/li>\n<li>\n<p align=\"justify\"><span style=\"font-size: medium;\">Inutilidade, desadequa\u00e7\u00e3o ou invalidade dos servi\u00e7os e conte\u00fados oferecidos no website, em fun\u00e7\u00e3o dos resultados e expectativas do utilizador;<\/span><\/p>\n<\/li>\n<li>\n<p align=\"justify\"><span style=\"font-size: medium;\">Exist\u00eancia de v\u00edrus ou programas no computador do utilizador.<\/span><\/p>\n<\/li>\n<\/ul>\n<p align=\"justify\"><span style=\"font-size: medium;\">A <\/span><span style=\"font-size: medium;\"><i><b>Triponto<\/b><\/i><\/span><span style=\"font-size: medium;\">, n\u00e3o ser\u00e1 em qualquer circunst\u00e2ncia, incluindo neglig\u00eancia, respons\u00e1vel por perda de neg\u00f3cio, de acesso, de benef\u00edcios, de dados, por danos indiretos, secund\u00e1rios, especiais ou consequentes que resultem do acesso ou do uso de servi\u00e7os do website, ou que de outra forma se encontrem dentro do seu \u00e2mbito.<\/span><\/p>\n<p>&nbsp;<\/p>\n<p><span style=\"font-size: medium;\"><i><b>O\u200b \u200bnosso\u200b \u200bcompromisso\u200b \u200bcom\u200b \u200ba\u200b \u200bseguran\u00e7a\u200b \u200bde\u200b \u200bdados<\/b><\/i><\/span><\/p>\n<p align=\"justify\"><span style=\"font-size: medium;\">A <\/span><span style=\"font-size: medium;\"><i><b>Triponto <\/b><\/i><\/span><span style=\"font-size: medium;\">evita o acesso ou divulga\u00e7\u00e3o n\u00e3o autorizados e mantem a precis\u00e3o dos dados. Para garantir o uso apropriado da informa\u00e7\u00e3o e para proteger as informa\u00e7\u00f5es que angariamos online, implementamos procedimentos f\u00edsicos, eletr\u00f3nicos. Usamos SSL no dom\u00ednio, tecnologia de encripta\u00e7\u00e3o ao guardar ou transferir dados confidenciais.<\/span><\/p>\n<p>&nbsp;<\/p>\n<p><span style=\"font-size: medium;\"><b>JURISDI\u00c7\u00c3O\u200b \u200bE\u200b \u200bLEGISLA\u00c7\u00c3O\u200b \u200bAPLIC\u00c1VEL<\/b><\/span><\/p>\n<p align=\"justify\"><span style=\"font-size: medium;\">As condi\u00e7\u00f5es de acesso e uso deste website regem-se exclusivamente pela lei portuguesa.<\/span><\/p>\n<p align=\"justify\"><span style=\"font-size: medium;\">A <\/span><span style=\"font-size: medium;\"><i><b>Triponto <\/b><\/i><\/span><span style=\"font-size: medium;\">e o utilizador, entendem que a via negocial \u00e9 a forma preferencial para resolu\u00e7\u00e3o das d\u00favidas, diverg\u00eancias ou lit\u00edgios de qualquer natureza que se levantem sobre a interpreta\u00e7\u00e3o ou execu\u00e7\u00e3o das disposi\u00e7\u00f5es legais ou contratuais aplic\u00e1veis \u00e0s suas rela\u00e7\u00f5es, incluindo o incumprimento das obriga\u00e7\u00f5es das partes. Todavia, uma vez esgotada a via negocial, as partes acordam que para a resolu\u00e7\u00e3o dos diferendos resultantes da utiliza\u00e7\u00e3o deste website \u00e9 competente o Tribunal da Comarca de Lisboa.<\/span><\/p>\n<p>&nbsp;<\/p>\n<p><span style=\"font-size: medium;\"><b>Como\u200b \u200bentrar\u200b \u200bem\u200b \u200bcontato\u200b \u200bconnosco<\/b><\/span><\/p>\n<p align=\"justify\"><span style=\"font-size: medium;\">Caso tenha coment\u00e1rios ou perguntas sobre esta Declara\u00e7\u00e3o de Privacidade, pode enviar-nos um e-mail para joana.cartaxo@triponto.pt.<\/span><\/p>\n<p align=\"justify\"><span style=\"font-size: medium;\">Tamb\u00e9m pode contatar-nos por telefone, +351 244 831 466, ou por correio para o seguinte endere\u00e7o: Avenida Elias Garcia N\u00ba176 2 Esq, 1050-103 Lisboa.<\/span><\/p>\n<p><a name=\"_GoBack\"><\/a><br \/>\n<span style=\"font-size: medium;\">Revisto a 14 de Maio, 2018<\/span><\/p>\n<div class=\"clearboth\"><\/div><\/div> \n\t<\/div><\/div>\n","protected":false},"excerpt":{"rendered":"Declara\u00e7\u00e3o\u200b \u200bde\u200b \u200bprivacidade A sua privacidade \u00e9 importante para n\u00f3s. A Triponto Servi\u00e7os Comerciais, Lda, doravante denominada Triponto est\u00e1 a fornecer este aviso para descrever e explicar quais as nossas pr\u00e1ticas para obten\u00e7\u00e3o de informa\u00e7\u00f5es e as escolhas que pode fazer sobre a forma como as suas informa\u00e7\u00f5es s\u00e3o angariadas e utilizadas. &nbsp; A\u200b \u200binforma\u00e7\u00e3o\u200b [...]","protected":false},"author":2,"featured_media":0,"parent":0,"menu_order":0,"comment_status":"closed","ping_status":"closed","template":"","meta":[],"yoast_head":"<!-- This site is optimized with the Yoast SEO plugin v14.2 - https:\/\/yoast.com\/wordpress\/plugins\/seo\/ -->\n<meta name=\"robots\" content=\"index, follow\" \/>\n<meta name=\"googlebot\" content=\"index, follow, max-snippet:-1, max-image-preview:large, max-video-preview:-1\" \/>\n<meta name=\"bingbot\" content=\"index, follow, max-snippet:-1, max-image-preview:large, max-video-preview:-1\" \/>\n<link rel=\"canonical\" href=\"https:\/\/www.triponto.pt\/web\/privacidade\/\" \/>\n<meta property=\"og:locale\" content=\"en_US\" \/>\n<meta property=\"og:type\" content=\"article\" \/>\n<meta property=\"og:title\" content=\"[:pt]Politica de Privacidade[:en]Privacy Policy[:] - Triponto\" \/>\n<meta property=\"og:url\" content=\"https:\/\/www.triponto.pt\/web\/privacidade\/\" \/>\n<meta property=\"og:site_name\" content=\"Triponto\" \/>\n<meta property=\"article:modified_time\" content=\"2018-05-24T18:52:47+00:00\" \/>\n<script type=\"application\/ld+json\" class=\"yoast-schema-graph\">{\"@context\":\"https:\/\/schema.org\",\"@graph\":[{\"@type\":\"WebSite\",\"@id\":\"https:\/\/www.triponto.pt\/web\/en\/#website\",\"url\":\"https:\/\/www.triponto.pt\/web\/en\/\",\"name\":\"Triponto\",\"description\":\"Servi\\u00e7os comerciais, lda.\",\"potentialAction\":[{\"@type\":\"SearchAction\",\"target\":\"https:\/\/www.triponto.pt\/web\/en\/?s={search_term_string}\",\"query-input\":\"required name=search_term_string\"}],\"inLanguage\":\"en-US\"},{\"@type\":\"WebPage\",\"@id\":\"https:\/\/www.triponto.pt\/web\/privacidade\/#webpage\",\"url\":\"https:\/\/www.triponto.pt\/web\/privacidade\/\",\"name\":\"[:pt]Politica de Privacidade[:en]Privacy Policy[:] - Triponto\",\"isPartOf\":{\"@id\":\"https:\/\/www.triponto.pt\/web\/en\/#website\"},\"datePublished\":\"2018-05-24T18:38:49+00:00\",\"dateModified\":\"2018-05-24T18:52:47+00:00\",\"inLanguage\":\"en-US\",\"potentialAction\":[{\"@type\":\"ReadAction\",\"target\":[\"https:\/\/www.triponto.pt\/web\/privacidade\/\"]}]}]}<\/script>\n<!-- \/ Yoast SEO plugin. -->","_links":{"self":[{"href":"https:\/\/www.triponto.pt\/web\/en\/wp-json\/wp\/v2\/pages\/6658"}],"collection":[{"href":"https:\/\/www.triponto.pt\/web\/en\/wp-json\/wp\/v2\/pages"}],"about":[{"href":"https:\/\/www.triponto.pt\/web\/en\/wp-json\/wp\/v2\/types\/page"}],"author":[{"embeddable":true,"href":"https:\/\/www.triponto.pt\/web\/en\/wp-json\/wp\/v2\/users\/2"}],"replies":[{"embeddable":true,"href":"https:\/\/www.triponto.pt\/web\/en\/wp-json\/wp\/v2\/comments?post=6658"}],"version-history":[{"count":2,"href":"https:\/\/www.triponto.pt\/web\/en\/wp-json\/wp\/v2\/pages\/6658\/revisions"}],"predecessor-version":[{"id":6660,"href":"https:\/\/www.triponto.pt\/web\/en\/wp-json\/wp\/v2\/pages\/6658\/revisions\/6660"}],"wp:attachment":[{"href":"https:\/\/www.triponto.pt\/web\/en\/wp-json\/wp\/v2\/media?parent=6658"}],"curies":[{"name":"wp","href":"https:\/\/api.w.org\/{rel}","templated":true}]}}