{"id":6436,"date":"2016-11-27T20:13:40","date_gmt":"2016-11-27T20:13:40","guid":{"rendered":"http:\/\/www.triponto.pt\/web\/?page_id=6436"},"modified":"2018-02-07T13:07:22","modified_gmt":"2018-02-07T13:07:22","slug":"tritrading","status":"publish","type":"page","link":"https:\/\/www.triponto.pt\/web\/tritrading\/","title":{"rendered":"Tritrading"},"content":{"rendered":"<p><div class=\"clearboth\"><\/div><\/div><\/div><\/div><div id=\"mk-page-section-6a006ad43a209\" data-intro-effect=\"false\" class=\"full-width-6a006ad43a209  full-height-false parallax-false mk-page-section mk-blur-parent mk-shortcode  \" data-speedFactor=\"0.3\"><div class=\"mk-video-color-mask\"><\/div><div class=\"vc_row-fluid page-section-fullwidth page-section-content\"><div class=\"mk-padding-wrapper\">\n\t<div style=\"\" class=\"vc_col-sm-12 wpb_column column_container \">\n\t\t\t<div class=\"clearboth\"><\/div><div class=\"mk-shortcode mk-padding-shortcode\" style=\"height:381px\"><\/div><div class=\"clearboth\"><\/div>\n\t<\/div><\/div><div class=\"clearboth\"><\/div><\/div><div class=\"clearboth\"><\/div><\/div>\n<style type='text\/css'>\n.full-width-6a006ad43a209 {\n    min-height:2px;\n    padding:0px 0 0px;\n    background-image:url(http:\/\/www.triponto.pt\/web\/tripo-upload\/uploads\/2016\/12\/fundo_tritrading_pagina.jpg); \n    background-attachment:scroll;\n    \n    background-position:center top;\n    background-repeat:no-repeat;\n    margin-bottom:0px;\n    \n}\n     \n.mk-main-wrapper {\n    display: none;\n}\n#theme-page {\n     padding-top:0;\n}<\/style><div><div><div><div class=\"clearboth\"><\/div><\/div><\/div><\/div><div id=\"mk-page-section-6a006ad43b040\" data-intro-effect=\"false\" class=\"full-width-6a006ad43b040  full-height-false parallax-false mk-page-section mk-blur-parent mk-shortcode  \" data-speedFactor=\"0.3\"><div class=\"mk-video-color-mask\"><\/div><div class=\"mk-grid vc_row-fluid page-section-content\"><div class=\"mk-padding-wrapper\">\n\t<div style=\"\" class=\"vc_col-sm-2 wpb_column column_container \">\n\t\t\t\n\t<\/div>\n\t<div style=\"\" class=\"vc_col-sm-8 wpb_column column_container \">\n\t\t\t<h2 style=\"font-size: 15px;text-align:center;color: #393836;font-style:inhert;font-weight:bold;margin-top:37px;margin-bottom:0px; text-transform:none;letter-spacing:0px;\" id=\"fancy-title-6a006ad43b393\" class=\"mk-shortcode mk-fancy-title fancy-title-align-center simple-style \"><span style=\"\"><span style=\"line-height: 1.9em;\">A tritrading baseia a sua atividade no mercado nacional e internacional. Tendo uma vasta e longa experi\u00eancia como traders, dividimos esta nossa \u00e1rea de neg\u00f3cio em 3 atividades distintas: agentes de exporta\u00e7\u00e3o f\u00e1bricas portuguesas, importadores e exportadores de diferentes bens de consumo e os projetos de marketing promocional.<\/span><\/span><\/h2><div class=\"clearboth\"><\/div><div class=\"clearboth\"><\/div><div class=\"mk-shortcode mk-padding-shortcode\" style=\"height:70px\"><\/div><div class=\"clearboth\"><\/div>\n\t<\/div>\n\t<div style=\"\" class=\"vc_col-sm-2 wpb_column column_container \">\n\t\t\t\n\t<\/div><\/div><div class=\"clearboth\"><\/div><\/div><div class=\"clearboth\"><\/div><\/div>\n<style type='text\/css'>\n.full-width-6a006ad43b040 {\n    min-height:2px;\n    padding:0px 0 0px;\n    \n    background-attachment:scroll;\n    \n    background-position:center top;\n    background-repeat:no-repeat;\n    margin-bottom:0px;\n    \n}\n     \n.mk-main-wrapper {\n    display: none;\n}\n#theme-page {\n     padding-top:0;\n}<\/style><div><div><div><div class=\"clearboth\"><\/div><\/div><\/div><\/div><div id=\"mk-page-section-6a006ad43b620\" data-intro-effect=\"false\" class=\"full-width-6a006ad43b620  full-height-false parallax-false mk-page-section mk-blur-parent mk-shortcode  \" data-speedFactor=\"0.3\"><div class=\"mk-video-color-mask\"><\/div><div class=\"mk-grid vc_row-fluid page-section-content\"><div class=\"mk-padding-wrapper\">\n\t<div style=\"\" class=\"vc_col-sm-6 wpb_column column_container \">\n\t\t\t<h2 style=\"font-size: 27px;text-align:left;color: #1e9fce;font-style:inhert;font-weight:300;margin-top:0px;margin-bottom:18px; text-transform:none;letter-spacing:0px;\" id=\"fancy-title-6a006ad43b86d\" class=\"mk-shortcode mk-fancy-title fancy-title-align-left simple-style \"><span style=\"\">Agentes de exporta\u00e7\u00e3o de f\u00e1bricas portuguesas:<\/span><\/h2><div class=\"clearboth\"><\/div>\t<div style=\" margin-bottom:0px;text-align: left;\" class=\"mk-text-block  \"><p>A TRIPONTO \u00e9 uma empresa que se dedica \u00e0 exporta\u00e7\u00e3o de produtos fabricados em Portugal e que trabalha com uma vasta rede de f\u00e1bricas portuguesas no sector da Casa e Decora\u00e7\u00e3o. A nossa oferta refere-se ao melhor da produ\u00e7\u00e3o made in Portugal, hoje reconhecida internacionalmente como a excel\u00eancia de determinados produtos, tais como: Vidro, Cer\u00e2mica, Cutelaria, Mobili\u00e1rio, Ilumina\u00e7\u00e3o e T\u00eaxteis. Sendo uma empresa Portuguesa especializada no com\u00e9rcio exterior, os nossos clientes s\u00e3o marcas internacionais, que procuram o melhor produto com o melhor pre\u00e7o.<\/p>\n<div class=\"clearboth\"><\/div><\/div> \n\t<\/div>\n\t<div style=\"\" class=\"vc_col-sm-6 wpb_column column_container \">\n\t\t\t<div class=\"mk-image-shortcode mk-shortcode   align-center simple-frame inside-image \" style=\"max-width: 500px; margin-bottom:10px\"><div class=\"mk-image-inner\"><img class=\"lightbox-false\" alt=\"\" title=\"\" src=\"http:\/\/www.triponto.pt\/web\/tripo-upload\/uploads\/bfi_thumb\/tri_ideia_500-32qjb3y4g8s35drfglrpq8.jpg\" \/><\/div><div class=\"clearboth\"><\/div><\/div><div class=\"clearboth\"><\/div><div class=\"mk-shortcode mk-padding-shortcode\" style=\"height:40px\"><\/div><div class=\"clearboth\"><\/div>\n\t<\/div><\/div><div class=\"clearboth\"><\/div><\/div><div class=\"clearboth\"><\/div><\/div>\n<style type='text\/css'>\n.full-width-6a006ad43b620 {\n    min-height:8px;\n    padding:0px 0 0px;\n    \n    background-attachment:scroll;\n    \n    background-position:left top;\n    background-repeat:repeat;\n    margin-bottom:0px;\n    \n}\n     \n.mk-main-wrapper {\n    display: none;\n}\n#theme-page {\n     padding-top:0;\n}<\/style><div><div><div><div class=\"clearboth\"><\/div><\/div><\/div><\/div><div id=\"mk-page-section-6a006ad43f8ca\" data-intro-effect=\"false\" class=\"full-width-6a006ad43f8ca  full-height-false parallax-false mk-page-section mk-blur-parent mk-shortcode  \" data-speedFactor=\"0.3\"><div class=\"mk-video-color-mask\"><\/div><div class=\"mk-grid vc_row-fluid page-section-content\"><div class=\"mk-padding-wrapper\">\n\t<div style=\"\" class=\"vc_col-sm-12 wpb_column column_container \">\n\t\t\t\t<div style=\" margin-bottom:0px;text-align: left;\" class=\"mk-text-block  \"><p><strong style=\"color: #1e9fce;\">PORQU\u00ca N\u00d3S?<\/strong><\/p>\n<ul>\n<li>Procuramos os melhores fornecedores para os melhores produtos, oferecendo uma ampla gama de produtos para o setor casa e decora\u00e7\u00e3o;<\/li>\n<li>A nossa estreita rela\u00e7\u00e3o com as f\u00e1bricas permite-nos oferecer aos nossos clientes um fluxo permanente de novos produtos, ideias e solu\u00e7\u00f5es;<\/li>\n<li>Temos o know-how dos processos de produ\u00e7\u00e3o, o que nos permite fazer o controlo e acompanhamento de cada fase do projeto: Produ\u00e7\u00e3o, Qualidade, Log\u00edstica;<\/li>\n<li>Atrav\u00e9s da nossa experi\u00eancia e conhecimento tanto nas \u00e1reas Comercial e T\u00e9cnica garantimos a comunica\u00e7\u00e3o eficaz entre os clientes e as f\u00e1bricas, e ajudamos a ultrapassar eventuais barreiras que surjam por raz\u00f5es de dist\u00e2ncia, culturais ou lingu\u00edsticas;<\/li>\n<\/ul>\n<p>A TRIPONTO est\u00e1 focada em estabelecer a ponte entre o cliente e o fabricante, gerindo as necessidades e objetivos de ambas as partes, visando sempre alcan\u00e7ar a melhor parceria.<\/p>\n<div class=\"clearboth\"><\/div><\/div> <div class=\"clearboth\"><\/div><div class=\"mk-shortcode mk-padding-shortcode\" style=\"height:35px\"><\/div><div class=\"clearboth\"><\/div><h2 style=\"font-size: 27px;text-align:left;color: #1e9fce;font-style:inhert;font-weight:300;margin-top:0px;margin-bottom:18px; text-transform:none;letter-spacing:0px;\" id=\"fancy-title-6a006ad43fe56\" class=\"mk-shortcode mk-fancy-title fancy-title-align-left simple-style \"><span style=\"\">Import\/export de bens de consumo:<\/span><\/h2><div class=\"clearboth\"><\/div>\t<div style=\" margin-bottom:0px;text-align: left;\" class=\"mk-text-block  \"><p>Desde a sua origem, a TRIPONTO atua na \u00e1rea do com\u00e9rcio internacional, centrando a sua ac\u00e7\u00e3o em fornecer aos seus clientes os melhores produtos. Somos especializados na exporta\u00e7\u00e3o de bens de consumo (n\u00e3o alimentar) para os mercados Africano e Americano, bem como a importa\u00e7\u00e3o para o mercado nacional.<\/p>\n<p><strong style=\"color: #1e9fce;\">PORQU\u00ca N\u00d3S?<\/strong><\/p>\n<ul>\n<li>Com a vasta experi\u00eancia de muitos anos, oferecemos os melhores pre\u00e7os dispon\u00edveis no mercado para os nossos clientes, que s\u00e3o principalmente grandes importadores e retalhistas nos mercados em que atuamos.<\/li>\n<li>Visando o melhor servi\u00e7o aos seus clientes, TRIPONTO lida atualmente com uma grande rede de parceiros e fabricantes em todo o mundo.<\/li>\n<\/ul>\n<p>A TRIPONTO garante todo o processo de obten\u00e7\u00e3o dos produtos e servi\u00e7os inerentes \u00e0 plena concretiza\u00e7\u00e3o de cada encomenda.<\/p>\n<div class=\"clearboth\"><\/div><\/div> <div class=\"clearboth\"><\/div><div class=\"mk-shortcode mk-padding-shortcode\" style=\"height:35px\"><\/div><div class=\"clearboth\"><\/div><h2 style=\"font-size: 27px;text-align:left;color: #1e9fce;font-style:inhert;font-weight:300;margin-top:0px;margin-bottom:18px; text-transform:none;letter-spacing:0px;\" id=\"fancy-title-6a006ad4400fa\" class=\"mk-shortcode mk-fancy-title fancy-title-align-left simple-style \"><span style=\"\">Marketing promocional:<\/span><\/h2><div class=\"clearboth\"><\/div>\t<div style=\" margin-bottom:0px;text-align: left;\" class=\"mk-text-block  \"><p>Com mais de 15 anos de experi\u00eancia no mercado nacional e internacional, somos uma empresa especialista em trade-marketing. A nossa miss\u00e3o \u00e9 realizar o procurement mais adequado, de forma a garantir a rela\u00e7\u00e3o pre\u00e7o\/qualidade mais competitiva para cada projeto promocional. Desde o seu aparecimento no mercado, a TRIPONTO trabalha com clientes de refer\u00eancia no mercado nacional e internacional, desde o canal HORECA, food &amp; beverages, passando pelo sector da moda, distribui\u00e7\u00e3o editorial, at\u00e9 ao sector da venda \u00e0 dist\u00e2ncia. Com especializa\u00e7\u00e3o em produtos de Vidro, Cer\u00e2mica, T\u00eaxtil e Moda, a TRIPONTO conta atualmente com uma larga rede de parceiros na Europa e na \u00c1sia.<\/p>\n<div class=\"clearboth\"><\/div><\/div> <div class=\"clearboth\"><\/div><div class=\"mk-shortcode mk-padding-shortcode\" style=\"height:68px\"><\/div><div class=\"clearboth\"><\/div>\n\t<\/div><\/div><div class=\"clearboth\"><\/div><\/div><div class=\"clearboth\"><\/div><\/div>\n<style type='text\/css'>\n.full-width-6a006ad43f8ca {\n    min-height:100px;\n    padding:0px 0 0px;\n    \n    background-attachment:scroll;\n    \n    background-position:left top;\n    background-repeat:repeat;\n    margin-bottom:0px;\n    \n}\n     \n.mk-main-wrapper {\n    display: none;\n}\n#theme-page {\n     padding-top:0;\n}<\/style><div><div><div><div class=\"clearboth\"><\/div><\/div><\/div><\/div><div id=\"contacto_tritrading\" data-intro-effect=\"false\" class=\"full-width-6a006ad440446  full-height-false parallax-false mk-page-section mk-blur-parent mk-shortcode  \" data-speedFactor=\"0.3\"><div class=\"mk-video-color-mask\"><\/div><div class=\"mk-grid vc_row-fluid page-section-content\"><div class=\"mk-padding-wrapper\">\n\t<div style=\"\" class=\"vc_col-sm-12 wpb_column column_container \">\n\t\t\t<div class=\"mk-image-shortcode mk-shortcode   align-center simple-frame inside-image \" style=\"max-width: 661px; margin-bottom:10px\"><div class=\"mk-image-inner\"><img class=\"lightbox-false\" alt=\"\" title=\"\" src=\"http:\/\/www.triponto.pt\/web\/tripo-upload\/uploads\/2016\/11\/sombra_3_.png\" \/><\/div><div class=\"clearboth\"><\/div><\/div><div class=\"clearboth\"><\/div><div class=\"mk-shortcode mk-padding-shortcode\" style=\"height:35px\"><\/div><div class=\"clearboth\"><\/div><h2 style=\"font-size: 30px;text-align:center;color: #393836;font-style:inhert;font-weight:300;margin-top:0px;margin-bottom:18px; text-transform:none;letter-spacing:0px;\" id=\"fancy-title-6a006ad443416\" class=\"mk-shortcode mk-fancy-title fancy-title-align-center simple-style \"><span style=\"\">Contacte-nos<\/span><\/h2><div class=\"clearboth\"><\/div>\n\t<\/div><\/div><div class=\"clearboth\"><\/div><\/div><div class=\"clearboth\"><\/div><\/div>\n<style type='text\/css'>\n.full-width-6a006ad440446 {\n    min-height:20px;\n    padding:0px 0 0px;\n    \n    background-attachment:scroll;\n    \n    background-position:left top;\n    background-repeat:repeat;\n    margin-bottom:0px;\n    \n}\n     \n.mk-main-wrapper {\n    display: none;\n}\n#theme-page {\n     padding-top:0;\n}<\/style><div><div><div><div class=\"clearboth\"><\/div><\/div><\/div><\/div><div id=\"mk-page-section-6a006ad443769\" data-intro-effect=\"false\" class=\"full-width-6a006ad443769  full-height-false parallax-false mk-page-section mk-blur-parent mk-shortcode  \" data-speedFactor=\"0.3\"><div class=\"mk-video-color-mask\"><\/div><div class=\"mk-grid vc_row-fluid page-section-content\"><div class=\"mk-padding-wrapper\">\n\t<div style=\"\" class=\"vc_col-sm-3 wpb_column column_container \">\n\t\t\t\n\t<\/div>\n\t<div style=\"\" class=\"vc_col-sm-6 wpb_column column_container \">\n\t\t\t\t<div style=\" margin-bottom:0px;text-align: left;\" class=\"mk-text-block  \"><p style=\"text-align: left;\"><div class=\"frm_forms  with_frm_style frm_style_formidable-style\" id=\"frm_form_10_container\" >\n<form enctype=\"multipart\/form-data\" method=\"post\" class=\"frm-show-form \" id=\"form_5kdvng23\"  >\n<div class=\"frm_form_fields \">\n<fieldset>\n\r\n<div class=\"frm_fields_container\">\n<input type=\"hidden\" name=\"frm_action\" value=\"create\" \/>\n<input type=\"hidden\" name=\"form_id\" value=\"10\" \/>\n<input type=\"hidden\" name=\"frm_hide_fields_10\" id=\"frm_hide_fields_10\" value=\"\" \/>\n<input type=\"hidden\" name=\"form_key\" value=\"5kdvng23\" \/>\n<input type=\"hidden\" name=\"item_meta[0]\" value=\"\" \/>\n<input type=\"hidden\" id=\"frm_submit_entry_10\" name=\"frm_submit_entry_10\" value=\"c619f77dc7\" \/><input type=\"hidden\" name=\"_wp_http_referer\" value=\"\/web\/wp-json\/wp\/v2\/pages\/6436\" \/><label for=\"frm_verify_10\" class=\"frm_screen_reader frm_hidden\">If you are human, leave this field blank.<\/label>\n<input type=\"text\" class=\"frm_hidden frm_verify\" id=\"frm_verify_10\" name=\"frm_verify\" value=\"\"  \/>\n<div id=\"frm_field_58_container\" class=\"frm_form_field form-field  frm_required_field frm_top_container\">\r\n    <label for=\"field_a4z0wr4\" class=\"frm_primary_label\">Nome\r\n        <span class=\"frm_required\">*<\/span>\r\n    <\/label>\r\n    <input type=\"text\" id=\"field_a4z0wr4\" name=\"item_meta[58]\" value=\"\"  data-reqmsg=\"This field cannot be blank.Este campo tem de ser preenchido\" aria-required=\"true\" data-invmsg=\"Nome is invalid\"  \/>\r\n    \r\n    \r\n<\/div>\n<div id=\"frm_field_60_container\" class=\"frm_form_field form-field  frm_required_field frm_top_container\">\r\n    <label for=\"field_ap17lv4\" class=\"frm_primary_label\">Email\r\n        <span class=\"frm_required\">*<\/span>\r\n    <\/label>\r\n    <input type=\"text\" id=\"field_ap17lv4\" name=\"item_meta[60]\" value=\"\"  data-reqmsg=\"This field cannot be blank.Este campo tem de ser preenchido\" aria-required=\"true\" data-invmsg=\"Email is invalid\"  \/>\r\n    \r\n    \r\n<\/div>\n<div id=\"frm_field_61_container\" class=\"frm_form_field form-field  frm_top_container\">\r\n    <label for=\"field_lbccmw4\" class=\"frm_primary_label\">Telefone\r\n        <span class=\"frm_required\"><\/span>\r\n    <\/label>\r\n    <input type=\"text\" id=\"field_lbccmw4\" name=\"item_meta[61]\" value=\"\"  data-invmsg=\"Telefone is invalid\"  \/>\r\n    \r\n    \r\n<\/div>\n<div id=\"frm_field_72_container\" class=\"frm_form_field form-field  frm_required_field frm_top_container\">\r\n    <label for=\"field_vms779\" class=\"frm_primary_label\">Localidade (cidade)\r\n        <span class=\"frm_required\">*<\/span>\r\n    <\/label>\r\n    <input type=\"text\" id=\"field_vms779\" name=\"item_meta[72]\" value=\"\"  data-reqmsg=\"This field cannot be blank.Este campo tem de ser preenchido\" aria-required=\"true\" data-invmsg=\"Localidade (cidade) is invalid\"  \/>\r\n    \r\n    \r\n<\/div>\n<input type=\"hidden\" id=\"field_source8d64ab2e32\" name=\"item_meta[102]\" value=\"\"  data-invmsg=\" is invalid\"  \/><div id=\"frm_field_64_container\" class=\"frm_form_field form-field  frm_top_container\">\r\n    <label for=\"field_rwa8094\" class=\"frm_primary_label\">Mensagem:\r\n        <span class=\"frm_required\"><\/span>\r\n    <\/label>\r\n    <textarea name=\"item_meta[64]\" id=\"field_rwa8094\" rows=\"5\"  data-invmsg=\"Mensagem: is invalid\"  ><\/textarea>\r\n    \r\n    \r\n<\/div>\n<div id=\"frm_field_82_container\" class=\"frm_form_field form-field  frm_none_container\">\r\n    <label  class=\"frm_primary_label\">reCAPTCHA\r\n        <span class=\"frm_required\"><\/span>\r\n    <\/label>\r\n    <div id=\"field_yvnna\" class=\"g-recaptcha\" data-sitekey=\"6Ldh_VEUAAAAAFInBu1mAMIQuq2FN56vB2CIb8nP\" data-size=\"normal\" data-theme=\"light\"><\/div>\r\n    \r\n    \r\n<\/div>\n<div id=\"frm_field_87_container\" class=\"frm_form_field form-field  frm_required_field frm_top_container vertical_radio\">\r\n    <label for=\"field_lkj3j\" class=\"frm_primary_label\">Pol\u00edtica de Privacidade\r\n        <span class=\"frm_required\">*<\/span>\r\n    <\/label>\r\n    <div class=\"frm_opt_container\">\t\t<div class=\"frm_checkbox\" id=\"frm_checkbox_87-0\"><label for=\"field_lkj3j-0\"><input type=\"checkbox\" name=\"item_meta[87][]\" id=\"field_lkj3j-0\" value=\"Li e aceito a &lt;a href=&quot;https:\/\/triponto.pt\/web\/privacidade\/&quot; target=&quot;_blank&quot;&gt;Pol\u00edtica de Privacidade &lt;\/a&gt;\"  data-reqmsg=\"This field cannot be blank.Este campo tem de ser preenchido\" data-invmsg=\"Pol\u00edtica de Privacidade is invalid\"   \/> Li e aceito a <a href=\"https:\/\/triponto.pt\/web\/privacidade\/\" target=\"_blank\">Pol\u00edtica de Privacidade <\/a><\/label><\/div>\n<\/div>\r\n    \r\n    \r\n<\/div>\n<input type=\"hidden\" name=\"item_key\" value=\"\" \/>\n\t<div class=\"frm_submit\">\r\n\r\n<input type=\"submit\" value=\"Enviar\"  \/>\r\n<img class=\"frm_ajax_loading\" src=\"https:\/\/www.triponto.pt\/web\/tripo-upload\/plugins\/formidable\/images\/ajax_loader.gif\" alt=\"Enviando\" style=\"visibility:hidden;\" \/>\r\n\r\n<\/div><\/div>\n<\/fieldset>\n<\/div>\n<\/form>\n<\/div>\n<div class=\"clearboth\"><\/div><\/div> <div class=\"clearboth\"><\/div><div class=\"mk-shortcode mk-padding-shortcode\" style=\"height:70px\"><\/div><div class=\"clearboth\"><\/div>\n\t<\/div>\n\t<div style=\"\" class=\"vc_col-sm-3 wpb_column column_container \">\n\t\t\t\n\t<\/div><\/div><div class=\"clearboth\"><\/div><\/div><div class=\"clearboth\"><\/div><\/div>\n<style type='text\/css'>\n.full-width-6a006ad443769 {\n    min-height:100px;\n    padding:10px 0 10px;\n    \n    background-attachment:scroll;\n    \n    background-position:left top;\n    background-repeat:repeat;\n    margin-bottom:0px;\n    \n}\n     \n.mk-main-wrapper {\n    display: none;\n}\n#theme-page {\n     padding-top:0;\n}<\/style><div><div><div><\/p>","protected":false},"excerpt":{"rendered":"<p>Conte\u00fado n\u00e3o dispon\u00edvel em Portugu\u00eas<\/p>\n","protected":false},"author":2,"featured_media":0,"parent":0,"menu_order":0,"comment_status":"closed","ping_status":"closed","template":"","meta":[],"yoast_head":"<!-- This site is optimized with the Yoast SEO plugin v14.2 - https:\/\/yoast.com\/wordpress\/plugins\/seo\/ -->\n<meta name=\"description\" content=\"A Tritrading est\u00e1 dividida em 3 atividades: agentes de exporta\u00e7\u00e3o de f\u00e1bricas portuguesas, importa\u00e7\u00e3o\/exporta\u00e7\u00e3o de bens de consumo e Marketing promocional.\" \/>\n<meta name=\"robots\" content=\"index, follow\" \/>\n<meta name=\"googlebot\" content=\"index, follow, max-snippet:-1, max-image-preview:large, max-video-preview:-1\" \/>\n<meta name=\"bingbot\" content=\"index, follow, max-snippet:-1, max-image-preview:large, max-video-preview:-1\" \/>\n<link rel=\"canonical\" href=\"https:\/\/www.triponto.pt\/web\/tritrading\/\" \/>\n<meta property=\"og:locale\" content=\"pt_PT\" \/>\n<meta property=\"og:type\" content=\"article\" \/>\n<meta property=\"og:title\" content=\"Tritrading - TRIPONTO\" \/>\n<meta property=\"og:description\" content=\"A Tritrading est\u00e1 dividida em 3 atividades: agentes de exporta\u00e7\u00e3o de f\u00e1bricas portuguesas, importa\u00e7\u00e3o\/exporta\u00e7\u00e3o de bens de consumo e Marketing promocional.\" \/>\n<meta property=\"og:url\" content=\"https:\/\/www.triponto.pt\/web\/tritrading\/\" \/>\n<meta property=\"og:site_name\" content=\"Triponto\" \/>\n<meta property=\"article:modified_time\" content=\"2018-02-07T13:07:22+00:00\" \/>\n<script type=\"application\/ld+json\" class=\"yoast-schema-graph\">{\"@context\":\"https:\/\/schema.org\",\"@graph\":[{\"@type\":\"WebSite\",\"@id\":\"https:\/\/www.triponto.pt\/web\/#website\",\"url\":\"https:\/\/www.triponto.pt\/web\/\",\"name\":\"Triponto\",\"description\":\"Servi\\u00e7os comerciais, lda.\",\"potentialAction\":[{\"@type\":\"SearchAction\",\"target\":\"https:\/\/www.triponto.pt\/web\/?s={search_term_string}\",\"query-input\":\"required name=search_term_string\"}],\"inLanguage\":\"pt-PT\"},{\"@type\":\"WebPage\",\"@id\":\"https:\/\/www.triponto.pt\/web\/tritrading\/#webpage\",\"url\":\"https:\/\/www.triponto.pt\/web\/tritrading\/\",\"name\":\"Tritrading - TRIPONTO\",\"isPartOf\":{\"@id\":\"https:\/\/www.triponto.pt\/web\/#website\"},\"datePublished\":\"2016-11-27T20:13:40+00:00\",\"dateModified\":\"2018-02-07T13:07:22+00:00\",\"description\":\"A Tritrading est\\u00e1 dividida em 3 atividades: agentes de exporta\\u00e7\\u00e3o de f\\u00e1bricas portuguesas, importa\\u00e7\\u00e3o\/exporta\\u00e7\\u00e3o de bens de consumo e Marketing promocional.\",\"inLanguage\":\"pt-PT\",\"potentialAction\":[{\"@type\":\"ReadAction\",\"target\":[\"https:\/\/www.triponto.pt\/web\/tritrading\/\"]}]}]}<\/script>\n<!-- \/ Yoast SEO plugin. -->","_links":{"self":[{"href":"https:\/\/www.triponto.pt\/web\/wp-json\/wp\/v2\/pages\/6436"}],"collection":[{"href":"https:\/\/www.triponto.pt\/web\/wp-json\/wp\/v2\/pages"}],"about":[{"href":"https:\/\/www.triponto.pt\/web\/wp-json\/wp\/v2\/types\/page"}],"author":[{"embeddable":true,"href":"https:\/\/www.triponto.pt\/web\/wp-json\/wp\/v2\/users\/2"}],"replies":[{"embeddable":true,"href":"https:\/\/www.triponto.pt\/web\/wp-json\/wp\/v2\/comments?post=6436"}],"version-history":[{"count":19,"href":"https:\/\/www.triponto.pt\/web\/wp-json\/wp\/v2\/pages\/6436\/revisions"}],"predecessor-version":[{"id":6622,"href":"https:\/\/www.triponto.pt\/web\/wp-json\/wp\/v2\/pages\/6436\/revisions\/6622"}],"wp:attachment":[{"href":"https:\/\/www.triponto.pt\/web\/wp-json\/wp\/v2\/media?parent=6436"}],"curies":[{"name":"wp","href":"https:\/\/api.w.org\/{rel}","templated":true}]}}